{"id":9,"date":"2025-08-18T21:09:42","date_gmt":"2025-08-18T21:09:42","guid":{"rendered":"https:\/\/meiominuto.net\/?page_id=9"},"modified":"2026-04-20T18:20:45","modified_gmt":"2026-04-20T18:20:45","slug":"terms-of-use","status":"publish","type":"page","link":"https:\/\/meiominuto.net\/index.php\/terms-of-use\/","title":{"rendered":"Termos de uso"},"content":{"rendered":"\n<p><strong>Termos<\/strong><\/p>\n\n\n\n<p>Ao acessar o site Meiominuto, voc\u00ea concorda em cumprir estes termos de uso, todas as leis e regulamentos aplic\u00e1veis, e reconhece ser respons\u00e1vel pelo cumprimento das leis locais aplic\u00e1veis. Caso n\u00e3o concorde com qualquer um destes termos, voc\u00ea est\u00e1 proibido de utilizar ou acessar este site. Os conte\u00fados presentes neste site s\u00e3o protegidos pelas leis aplic\u00e1veis de direitos autorais e marcas registradas.<\/p>\n\n\n\n<p><strong>Licen\u00e7a de Uso<\/strong><\/p>\n\n\n\n<p>\u00c9 concedida a voc\u00ea uma permiss\u00e3o para baixar temporariamente uma c\u00f3pia dos conte\u00fados (informa\u00e7\u00f5es ou softwares) presentes no site Meiominuto, apenas para visualiza\u00e7\u00e3o pessoal e n\u00e3o comercial. Esta autoriza\u00e7\u00e3o constitui uma licen\u00e7a limitada e n\u00e3o uma transfer\u00eancia de propriedade. De acordo com esta licen\u00e7a, voc\u00ea n\u00e3o pode:<\/p>\n\n\n\n<p>Modificar ou reproduzir os conte\u00fados;<\/p>\n\n\n\n<p>Utilizar os conte\u00fados para fins comerciais ou para exibi\u00e7\u00e3o p\u00fablica (comercial ou n\u00e3o);<\/p>\n\n\n\n<p>Tentar descompilar ou realizar engenharia reversa de qualquer software presente no site Meiominuto;<\/p>\n\n\n\n<p>Remover quaisquer avisos de direitos autorais ou outras indica\u00e7\u00f5es de propriedade dos conte\u00fados;<\/p>\n\n\n\n<p>Transferir os conte\u00fados para outra pessoa ou duplic\u00e1-los (\u201cespelhamento\u201d) em outro servidor.<\/p>\n\n\n\n<p>Esta licen\u00e7a ser\u00e1 automaticamente encerrada caso voc\u00ea viole qualquer uma dessas restri\u00e7\u00f5es e poder\u00e1 ser revogada pelo Meiominuto a qualquer momento. Ao encerrar o uso dos conte\u00fados ou quando esta licen\u00e7a for finalizada, voc\u00ea dever\u00e1 excluir todos os conte\u00fados baixados em sua posse, seja em formato eletr\u00f4nico ou impresso.<\/p>\n\n\n\n<p><strong>Isen\u00e7\u00e3o de Responsabilidade<\/strong><\/p>\n\n\n\n<p>Os conte\u00fados dispon\u00edveis no site Meiominuto s\u00e3o fornecidos \u201ccomo est\u00e3o\u201d. O Meiominuto n\u00e3o oferece garantias, expressas ou impl\u00edcitas, e renuncia a quaisquer outras garantias, incluindo, sem limita\u00e7\u00e3o, garantias impl\u00edcitas de comercializa\u00e7\u00e3o, adequa\u00e7\u00e3o a um prop\u00f3sito espec\u00edfico ou n\u00e3o viola\u00e7\u00e3o de direitos de propriedade intelectual ou outros direitos.<\/p>\n\n\n\n<p>Al\u00e9m disso, o Meiominuto n\u00e3o garante a precis\u00e3o, os resultados prov\u00e1veis ou a confiabilidade do uso dos conte\u00fados em seu site, nem dos conte\u00fados em si, nem de sites vinculados a ele.<\/p>\n\n\n\n<p><strong>Limita\u00e7\u00e3o de Responsabilidade<\/strong><\/p>\n\n\n\n<p>Em nenhuma circunst\u00e2ncia o Meiominuto ou seus fornecedores poder\u00e3o ser responsabilizados por quaisquer danos (incluindo, sem limita\u00e7\u00e3o, perda de dados, perda de lucros ou interrup\u00e7\u00e3o de atividades) decorrentes do uso ou da impossibilidade de uso dos conte\u00fados presentes no site Meiominuto, mesmo que o Meiominuto ou um representante autorizado tenha sido informado, oralmente ou por escrito, da possibilidade de tais danos. Algumas jurisdi\u00e7\u00f5es n\u00e3o permitem a limita\u00e7\u00e3o de garantias impl\u00edcitas ou a exclus\u00e3o de responsabilidade por danos indiretos ou incidentais, portanto essas limita\u00e7\u00f5es podem n\u00e3o se aplicar a voc\u00ea.<\/p>\n\n\n\n<p><strong>Exatid\u00e3o dos Conte\u00fados<\/strong><\/p>\n\n\n\n<p>Os conte\u00fados exibidos no site Meiominuto podem conter erros t\u00e9cnicos, tipogr\u00e1ficos ou fotogr\u00e1ficos. O Meiominuto n\u00e3o garante que os conte\u00fados presentes em seu site sejam precisos, completos ou atualizados. O Meiominuto pode fazer altera\u00e7\u00f5es nos conte\u00fados a qualquer momento, sem aviso pr\u00e9vio, mas n\u00e3o tem obriga\u00e7\u00e3o de atualiz\u00e1-los.<\/p>\n\n\n\n<p><strong>Links para Terceiros<\/strong><\/p>\n\n\n\n<p>O Meiominuto n\u00e3o analisou todos os sites vinculados ao seu pr\u00f3prio site e n\u00e3o pode ser responsabilizado pelo conte\u00fado desses sites. A inclus\u00e3o de qualquer link n\u00e3o implica endosso por parte do Meiominuto. O uso de qualquer site vinculado \u00e9 de sua inteira responsabilidade.<\/p>\n\n\n\n<p><strong>Modifica\u00e7\u00f5es<\/strong><\/p>\n\n\n\n<p>O Meiominuto pode revisar estes termos de uso a qualquer momento, sem aviso pr\u00e9vio. Ao utilizar este site, voc\u00ea concorda em cumprir a vers\u00e3o atual destes termos.<\/p>\n\n\n\n<p><strong>Legisla\u00e7\u00e3o Aplic\u00e1vel<\/strong><\/p>\n\n\n\n<p>Estes termos e condi\u00e7\u00f5es s\u00e3o regidos e interpretados de acordo com as leis aplic\u00e1veis na Fran\u00e7a. Voc\u00ea concorda irrevogavelmente com a jurisdi\u00e7\u00e3o exclusiva dos tribunais localizados neste pa\u00eds ou jurisdi\u00e7\u00e3o.<\/p>\n","protected":false},"excerpt":{"rendered":"<p>Termos Ao acessar o site Meiominuto, voc\u00ea concorda em cumprir estes termos de uso, todas as leis e regulamentos aplic\u00e1veis, e reconhece ser respons\u00e1vel pelo cumprimento das leis locais aplic\u00e1veis. Caso n\u00e3o concorde com qualquer um destes termos, voc\u00ea est\u00e1 proibido de utilizar ou acessar este site. Os conte\u00fados presentes neste site s\u00e3o protegidos pelas &hellip;<\/p>\n","protected":false},"author":1,"featured_media":0,"parent":0,"menu_order":0,"comment_status":"closed","ping_status":"closed","template":"","meta":{"footnotes":""},"class_list":["post-9","page","type-page","status-publish","hentry"],"_links":{"self":[{"href":"https:\/\/meiominuto.net\/index.php\/wp-json\/wp\/v2\/pages\/9","targetHints":{"allow":["GET"]}}],"collection":[{"href":"https:\/\/meiominuto.net\/index.php\/wp-json\/wp\/v2\/pages"}],"about":[{"href":"https:\/\/meiominuto.net\/index.php\/wp-json\/wp\/v2\/types\/page"}],"author":[{"embeddable":true,"href":"https:\/\/meiominuto.net\/index.php\/wp-json\/wp\/v2\/users\/1"}],"replies":[{"embeddable":true,"href":"https:\/\/meiominuto.net\/index.php\/wp-json\/wp\/v2\/comments?post=9"}],"version-history":[{"count":3,"href":"https:\/\/meiominuto.net\/index.php\/wp-json\/wp\/v2\/pages\/9\/revisions"}],"predecessor-version":[{"id":82,"href":"https:\/\/meiominuto.net\/index.php\/wp-json\/wp\/v2\/pages\/9\/revisions\/82"}],"wp:attachment":[{"href":"https:\/\/meiominuto.net\/index.php\/wp-json\/wp\/v2\/media?parent=9"}],"curies":[{"name":"wp","href":"https:\/\/api.w.org\/{rel}","templated":true}]}}