{"id":3,"date":"2025-08-18T15:17:23","date_gmt":"2025-08-18T15:17:23","guid":{"rendered":"https:\/\/meiominuto.net\/?page_id=3"},"modified":"2026-04-20T18:21:10","modified_gmt":"2026-04-20T18:21:10","slug":"privacy-policy","status":"publish","type":"page","link":"https:\/\/meiominuto.net\/index.php\/privacy-policy\/","title":{"rendered":"Pol\u00edtica de Privacidade"},"content":{"rendered":"\n<p>Sua privacidade \u00e9 importante para n\u00f3s. \u00c9 pol\u00edtica do Meiominuto respeitar a sua privacidade em rela\u00e7\u00e3o a qualquer informa\u00e7\u00e3o que possamos coletar no site Meiominuto, bem como em outros sites que possu\u00edmos e operamos.<\/p>\n\n\n\n<p>Solicitamos informa\u00e7\u00f5es pessoais apenas quando realmente necess\u00e1rio para fornecer um servi\u00e7o a voc\u00ea. Fazemos isso por meios justos e legais, com o seu conhecimento e consentimento. Tamb\u00e9m explicamos por que coletamos essas informa\u00e7\u00f5es e como elas ser\u00e3o utilizadas.<\/p>\n\n\n\n<p>Retemos as informa\u00e7\u00f5es coletadas apenas pelo tempo necess\u00e1rio para fornecer o servi\u00e7o solicitado. Quando armazenamos dados, utilizamos meios comercialmente aceit\u00e1veis para proteg\u00ea-los contra perda, roubo, acesso n\u00e3o autorizado, divulga\u00e7\u00e3o, c\u00f3pia, uso ou modifica\u00e7\u00e3o.<\/p>\n\n\n\n<p>N\u00e3o compartilhamos publicamente informa\u00e7\u00f5es de identifica\u00e7\u00e3o pessoal, nem com terceiros, exceto quando exigido por lei.<\/p>\n\n\n\n<p>Nosso site pode conter links para sites externos que n\u00e3o s\u00e3o operados por n\u00f3s. Esteja ciente de que n\u00e3o temos controle sobre o conte\u00fado e as pr\u00e1ticas desses sites e n\u00e3o podemos ser responsabilizados por suas respectivas pol\u00edticas de privacidade.<\/p>\n\n\n\n<p>Voc\u00ea \u00e9 livre para recusar nossa solicita\u00e7\u00e3o de informa\u00e7\u00f5es pessoais, entendendo que talvez n\u00e3o possamos fornecer alguns dos servi\u00e7os desejados.<\/p>\n\n\n\n<p>O uso cont\u00ednuo do nosso site ser\u00e1 considerado como aceita\u00e7\u00e3o de nossas pr\u00e1ticas relacionadas \u00e0 privacidade e \u00e0s informa\u00e7\u00f5es pessoais. Se voc\u00ea tiver d\u00favidas sobre como tratamos os dados dos usu\u00e1rios e informa\u00e7\u00f5es pessoais, entre em contato conosco.<\/p>\n\n\n\n<p><strong>Publicidade Google AdSense<\/strong><\/p>\n\n\n\n<p>O servi\u00e7o Google AdSense que utilizamos para exibir an\u00fancios usa o cookie DoubleClick para apresentar an\u00fancios mais relevantes na internet e limitar o n\u00famero de vezes que um mesmo an\u00fancio \u00e9 exibido para voc\u00ea. Para mais informa\u00e7\u00f5es sobre o Google AdSense, consulte as FAQs oficiais de privacidade do Google AdSense.<\/p>\n\n\n\n<p>Utilizamos publicidade para cobrir os custos de funcionamento deste site e financiar seu desenvolvimento futuro. Os cookies de publicidade comportamental usados neste site foram projetados para oferecer an\u00fancios o mais relevantes poss\u00edvel, acompanhando anonimamente seus interesses e exibindo conte\u00fados semelhantes que possam ser do seu interesse.<\/p>\n\n\n\n<p>Diversos parceiros anunciam em nosso nome, e os cookies de rastreamento de afiliados nos permitem verificar se sua visita ao nosso site veio de um dos sites parceiros, para que possamos atribuir o devido cr\u00e9dito. Em alguns casos, isso tamb\u00e9m pode permitir que nossos parceiros afiliados ofere\u00e7am promo\u00e7\u00f5es relacionadas \u00e0 sua compra.<\/p>\n\n\n\n<p><strong>Compromisso do Usu\u00e1rio<\/strong><\/p>\n\n\n\n<p>O usu\u00e1rio se compromete a fazer uso adequado dos conte\u00fados e das informa\u00e7\u00f5es fornecidas pelo Meiominuto no site. De forma exemplificativa, e n\u00e3o limitativa:<\/p>\n\n\n\n<p>A) N\u00e3o se envolver em atividades ilegais ou contr\u00e1rias \u00e0 boa-f\u00e9 e \u00e0 ordem p\u00fablica;<br>B) N\u00e3o divulgar conte\u00fado ou propaganda de car\u00e1ter racista, xenof\u00f3bico, relacionado a jogos de azar, pornografia ilegal, apologia ao terrorismo ou que viole os direitos humanos;<br>C) N\u00e3o causar danos aos sistemas f\u00edsicos (hardware) ou l\u00f3gicos (software) do Meiominuto, de seus fornecedores ou de terceiros, nem introduzir ou disseminar v\u00edrus ou quaisquer sistemas capazes de causar tais danos.<\/p>\n\n\n\n<p><strong>Mais Informa\u00e7\u00f5es<\/strong><\/p>\n\n\n\n<p>Esperamos ter esclarecido todas as informa\u00e7\u00f5es. Como mencionado anteriormente, se voc\u00ea n\u00e3o tiver certeza sobre a necessidade de desativar cookies, geralmente \u00e9 mais seguro mant\u00ea-los ativados, caso interajam com funcionalidades do site.<\/p>\n\n\n\n<p>Esta pol\u00edtica entra em vigor a partir de 6 de maio de 2025, \u00e0s 02h47.<\/p>\n","protected":false},"excerpt":{"rendered":"<p>Sua privacidade \u00e9 importante para n\u00f3s. \u00c9 pol\u00edtica do Meiominuto respeitar a sua privacidade em rela\u00e7\u00e3o a qualquer informa\u00e7\u00e3o que possamos coletar no site Meiominuto, bem como em outros sites que possu\u00edmos e operamos. Solicitamos informa\u00e7\u00f5es pessoais apenas quando realmente necess\u00e1rio para fornecer um servi\u00e7o a voc\u00ea. Fazemos isso por meios justos e legais, com &hellip;<\/p>\n","protected":false},"author":1,"featured_media":0,"parent":0,"menu_order":0,"comment_status":"closed","ping_status":"open","template":"","meta":{"footnotes":""},"class_list":["post-3","page","type-page","status-publish","hentry"],"_links":{"self":[{"href":"https:\/\/meiominuto.net\/index.php\/wp-json\/wp\/v2\/pages\/3","targetHints":{"allow":["GET"]}}],"collection":[{"href":"https:\/\/meiominuto.net\/index.php\/wp-json\/wp\/v2\/pages"}],"about":[{"href":"https:\/\/meiominuto.net\/index.php\/wp-json\/wp\/v2\/types\/page"}],"author":[{"embeddable":true,"href":"https:\/\/meiominuto.net\/index.php\/wp-json\/wp\/v2\/users\/1"}],"replies":[{"embeddable":true,"href":"https:\/\/meiominuto.net\/index.php\/wp-json\/wp\/v2\/comments?post=3"}],"version-history":[{"count":3,"href":"https:\/\/meiominuto.net\/index.php\/wp-json\/wp\/v2\/pages\/3\/revisions"}],"predecessor-version":[{"id":83,"href":"https:\/\/meiominuto.net\/index.php\/wp-json\/wp\/v2\/pages\/3\/revisions\/83"}],"wp:attachment":[{"href":"https:\/\/meiominuto.net\/index.php\/wp-json\/wp\/v2\/media?parent=3"}],"curies":[{"name":"wp","href":"https:\/\/api.w.org\/{rel}","templated":true}]}}